{"id":50,"date":"2013-10-18T11:16:25","date_gmt":"2013-10-18T10:16:25","guid":{"rendered":"http:\/\/www.buzzfactory.fr\/?page_id=50"},"modified":"2020-05-12T14:42:07","modified_gmt":"2020-05-12T13:42:07","slug":"profil","status":"publish","type":"page","link":"https:\/\/www.buzzfactory.fr\/?page_id=50","title":{"rendered":"Profil"},"content":{"rendered":"<p data-wp-editing=\"1\"><img loading=\"lazy\" decoding=\"async\" class=\"normal wp-image-698 size-full alignleft\" src=\"http:\/\/www.buzzfactory.fr\/wp-content\/uploads\/2020\/04\/profil-9.jpg\" alt=\"\" width=\"400\" height=\"400\" srcset=\"https:\/\/www.buzzfactory.fr\/wp-content\/uploads\/2020\/04\/profil-9.jpg 400w, https:\/\/www.buzzfactory.fr\/wp-content\/uploads\/2020\/04\/profil-9-150x150.jpg 150w, https:\/\/www.buzzfactory.fr\/wp-content\/uploads\/2020\/04\/profil-9-56x56.jpg 56w, https:\/\/www.buzzfactory.fr\/wp-content\/uploads\/2020\/04\/profil-9-75x75.jpg 75w\" sizes=\"(max-width: 400px) 100vw, 400px\" \/><\/p>\n<p style=\"padding-left: 150px;\"><strong>Issu d\u2019une double formation Beaux-Arts \/ Arts appliqu\u00e9s et \u00e0 la suite d&rsquo;un parcours de Directeur Artistique chez EuroRSCG \/ HAVAS et CREATURE,\u00a0j\u2019ai cr\u00e9\u00e9 Buzzfactory en 2007.<\/strong><\/p>\n<p style=\"padding-left: 150px;\">Travaillant sur des projets digitaux et print pour des grands comptes (Renault, Natixis, La Poste, SNCF \u2026), startups ou PME, j\u2019attache un int\u00e9r\u00eat particulier \u00e0 l\u2019\u00e9coute, au sens graphique et&#8230; aux deadlines !<\/p>\n<p style=\"padding-left: 150px;\"><a class=\"tw-button  medium  shortcode\" href=\"http:\/\/www.buzzfactory.fr\/?page_id=2\" >Contact<\/a>\n","protected":false},"excerpt":{"rendered":"<p data-wp-editing=\"1\">\n<p style=\"padding-left: 150px;\"><strong>Issu d\u2019une double formation Beaux-Arts \/ Arts appliqu\u00e9s et \u00e0 la suite d&rsquo;un parcours de Directeur Artistique chez EuroRSCG \/ HAVAS et CREATURE,\u00a0j\u2019ai cr\u00e9\u00e9 Buzzfactory en 2007.<\/strong><\/p>\n<p style=\"padding-left: 150px;\">Travaillant sur des projets digitaux et print &#8230; <span class=\"more-link\"><a href=\"https:\/\/www.buzzfactory.fr\/?page_id=50\" class=\"more-link\">Read More<\/a><\/span><\/p>\n","protected":false},"author":1,"featured_media":0,"parent":0,"menu_order":2,"comment_status":"open","ping_status":"open","template":"template-full.php","meta":{"footnotes":""},"_links":{"self":[{"href":"https:\/\/www.buzzfactory.fr\/index.php?rest_route=\/wp\/v2\/pages\/50"}],"collection":[{"href":"https:\/\/www.buzzfactory.fr\/index.php?rest_route=\/wp\/v2\/pages"}],"about":[{"href":"https:\/\/www.buzzfactory.fr\/index.php?rest_route=\/wp\/v2\/types\/page"}],"author":[{"embeddable":true,"href":"https:\/\/www.buzzfactory.fr\/index.php?rest_route=\/wp\/v2\/users\/1"}],"replies":[{"embeddable":true,"href":"https:\/\/www.buzzfactory.fr\/index.php?rest_route=%2Fwp%2Fv2%2Fcomments&post=50"}],"version-history":[{"count":61,"href":"https:\/\/www.buzzfactory.fr\/index.php?rest_route=\/wp\/v2\/pages\/50\/revisions"}],"predecessor-version":[{"id":731,"href":"https:\/\/www.buzzfactory.fr\/index.php?rest_route=\/wp\/v2\/pages\/50\/revisions\/731"}],"wp:attachment":[{"href":"https:\/\/www.buzzfactory.fr\/index.php?rest_route=%2Fwp%2Fv2%2Fmedia&parent=50"}],"curies":[{"name":"wp","href":"https:\/\/api.w.org\/{rel}","templated":true}]}}