{"id":2,"date":"2013-10-18T09:44:44","date_gmt":"2013-10-18T09:44:44","guid":{"rendered":"http:\/\/www.buzzfactory.fr\/?page_id=2"},"modified":"2023-11-22T18:09:58","modified_gmt":"2023-11-22T17:09:58","slug":"contact","status":"publish","type":"page","link":"https:\/\/www.buzzfactory.fr\/?page_id=2","title":{"rendered":"Contact"},"content":{"rendered":"<p data-wp-editing=\"1\"><img loading=\"lazy\" decoding=\"async\" class=\"normal wp-image-700 size-full alignleft\" src=\"http:\/\/www.buzzfactory.fr\/wp-content\/uploads\/2020\/04\/contact-7.jpg\" alt=\"\" width=\"400\" height=\"400\" srcset=\"https:\/\/www.buzzfactory.fr\/wp-content\/uploads\/2020\/04\/contact-7.jpg 400w, https:\/\/www.buzzfactory.fr\/wp-content\/uploads\/2020\/04\/contact-7-150x150.jpg 150w, https:\/\/www.buzzfactory.fr\/wp-content\/uploads\/2020\/04\/contact-7-56x56.jpg 56w, https:\/\/www.buzzfactory.fr\/wp-content\/uploads\/2020\/04\/contact-7-75x75.jpg 75w\" sizes=\"(max-width: 400px) 100vw, 400px\" \/><\/p>\n<p><strong>Parlons de tous vos projets graphiques (identit\u00e9, webdesign, UI, illustration\u2026) et plus encore gr\u00e2ce \u00e0 un r\u00e9seau de partenaires privil\u00e9gi\u00e9s (d\u00e9veloppeurs, r\u00e9dacteurs, \u2026)<\/strong><\/p>\n<p>Pour en savoir plus n\u2019h\u00e9sitez pas \u00e0 consulter :<br \/>\n<a href=\"https:\/\/www.instagram.com\/buzzfactory.fr\/\" target=\"_blank\" rel=\"noopener noreferrer\"><img loading=\"lazy\" decoding=\"async\" class=\"normal alignleft wp-image-580 size-full\" src=\"https:\/\/www.buzzfactory.fr\/wp-content\/uploads\/2013\/10\/icone_actu.png\" alt=\"\" width=\"34\" height=\"34\" \/><\/a> <a href=\"https:\/\/fr.linkedin.com\/in\/florent-vidal-bbaab412?trk=profile-badge-cta\" target=\"_blank\" rel=\"noopener noreferrer\"><img loading=\"lazy\" decoding=\"async\" class=\"normal size-full wp-image-581 alignleft\" src=\"http:\/\/www.buzzfactory.fr\/wp-content\/uploads\/2013\/10\/icone_linkedin.png\" alt=\"\" width=\"34\" height=\"34\" \/><\/a> <a href=\"https:\/\/twitter.com\/buzzfactory_fr\" target=\"_blank\" rel=\"noopener noreferrer\"><img loading=\"lazy\" decoding=\"async\" class=\"normal size-full wp-image-582 alignleft\" src=\"http:\/\/www.buzzfactory.fr\/wp-content\/uploads\/2013\/10\/icone_twitter.png\" alt=\"\" width=\"34\" height=\"34\" \/><\/a><\/p>\n","protected":false},"excerpt":{"rendered":"<p data-wp-editing=\"1\">\n<p><strong>Parlons de tous vos projets graphiques (identit\u00e9, webdesign, UI, illustration\u2026) et plus encore gr\u00e2ce \u00e0 un r\u00e9seau de partenaires privil\u00e9gi\u00e9s (d\u00e9veloppeurs, r\u00e9dacteurs, \u2026)<\/strong><\/p>\n<p>Pour en savoir plus n\u2019h\u00e9sitez pas \u00e0 consulter : <\/p>\n<p><span class=\"more-link\"><a href=\"https:\/\/www.buzzfactory.fr\/?page_id=2\" class=\"more-link\">Read More<\/a><\/span><\/p>\n","protected":false},"author":1,"featured_media":0,"parent":0,"menu_order":4,"comment_status":"open","ping_status":"open","template":"template-full.php","meta":{"footnotes":""},"_links":{"self":[{"href":"https:\/\/www.buzzfactory.fr\/index.php?rest_route=\/wp\/v2\/pages\/2"}],"collection":[{"href":"https:\/\/www.buzzfactory.fr\/index.php?rest_route=\/wp\/v2\/pages"}],"about":[{"href":"https:\/\/www.buzzfactory.fr\/index.php?rest_route=\/wp\/v2\/types\/page"}],"author":[{"embeddable":true,"href":"https:\/\/www.buzzfactory.fr\/index.php?rest_route=\/wp\/v2\/users\/1"}],"replies":[{"embeddable":true,"href":"https:\/\/www.buzzfactory.fr\/index.php?rest_route=%2Fwp%2Fv2%2Fcomments&post=2"}],"version-history":[{"count":47,"href":"https:\/\/www.buzzfactory.fr\/index.php?rest_route=\/wp\/v2\/pages\/2\/revisions"}],"predecessor-version":[{"id":742,"href":"https:\/\/www.buzzfactory.fr\/index.php?rest_route=\/wp\/v2\/pages\/2\/revisions\/742"}],"wp:attachment":[{"href":"https:\/\/www.buzzfactory.fr\/index.php?rest_route=%2Fwp%2Fv2%2Fmedia&parent=2"}],"curies":[{"name":"wp","href":"https:\/\/api.w.org\/{rel}","templated":true}]}}