{"id":154,"date":"2013-10-22T10:14:18","date_gmt":"2013-10-22T09:14:18","guid":{"rendered":"http:\/\/www.buzzfactory.fr\/?page_id=154"},"modified":"2023-02-28T17:22:10","modified_gmt":"2023-02-28T16:22:10","slug":"mentions-legales","status":"publish","type":"page","link":"https:\/\/www.buzzfactory.fr\/?page_id=154","title":{"rendered":"Mentions l\u00e9gales"},"content":{"rendered":"<p>Site \u00e9dit\u00e9 par Buzzfactory.<br \/>\nSIRET 49980697400030 &#8211; TVA intr FR75499806974 &#8211; Maison des Artistes V294034<br \/>\nSi\u00e8ge social : 1, all\u00e9e de la peupleraie 35830 Betton<br \/>\nDirecteur de la publication \/ Repr\u00e9sentant l\u00e9gal : Florent Vidal<br \/>\nSite h\u00e9berg\u00e9 par OVH &#8211; 2 rue Kellermann &#8211; 59100 Roubaix &#8211; France<\/p>\n","protected":false},"excerpt":{"rendered":"<p>Site \u00e9dit\u00e9 par Buzzfactory. SIRET 49980697400030 &#8211; TVA intr FR75499806974 &#8211; Maison des Artistes V294034 Si\u00e8ge social : 1, all\u00e9e de la peupleraie 35830 Betton Directeur de la publication \/ Repr\u00e9sentant l\u00e9gal : Florent Vidal Site h\u00e9berg\u00e9 par OVH &#8211; &#8230; <span class=\"more-link\"><a href=\"https:\/\/www.buzzfactory.fr\/?page_id=154\" class=\"more-link\">Read More<\/a><\/span><\/p>\n","protected":false},"author":1,"featured_media":0,"parent":0,"menu_order":0,"comment_status":"open","ping_status":"open","template":"","meta":{"footnotes":""},"_links":{"self":[{"href":"https:\/\/www.buzzfactory.fr\/index.php?rest_route=\/wp\/v2\/pages\/154"}],"collection":[{"href":"https:\/\/www.buzzfactory.fr\/index.php?rest_route=\/wp\/v2\/pages"}],"about":[{"href":"https:\/\/www.buzzfactory.fr\/index.php?rest_route=\/wp\/v2\/types\/page"}],"author":[{"embeddable":true,"href":"https:\/\/www.buzzfactory.fr\/index.php?rest_route=\/wp\/v2\/users\/1"}],"replies":[{"embeddable":true,"href":"https:\/\/www.buzzfactory.fr\/index.php?rest_route=%2Fwp%2Fv2%2Fcomments&post=154"}],"version-history":[{"count":3,"href":"https:\/\/www.buzzfactory.fr\/index.php?rest_route=\/wp\/v2\/pages\/154\/revisions"}],"predecessor-version":[{"id":739,"href":"https:\/\/www.buzzfactory.fr\/index.php?rest_route=\/wp\/v2\/pages\/154\/revisions\/739"}],"wp:attachment":[{"href":"https:\/\/www.buzzfactory.fr\/index.php?rest_route=%2Fwp%2Fv2%2Fmedia&parent=154"}],"curies":[{"name":"wp","href":"https:\/\/api.w.org\/{rel}","templated":true}]}}